{"id":2641,"date":"2023-10-03T15:43:05","date_gmt":"2023-10-03T15:43:05","guid":{"rendered":"https:\/\/laicl.web.ua.pt\/?page_id=2641"},"modified":"2025-12-20T09:07:44","modified_gmt":"2025-12-20T09:07:44","slug":"authors-presentations","status":"publish","type":"page","link":"https:\/\/laicl.web.ua.pt\/index.php\/programme\/authors-presentations\/","title":{"rendered":"<strong>Authors\u2019 presentations<\/strong>"},"content":{"rendered":"\n<p><strong>Thank you to our keynote speakers and authors for sharing their work.<\/strong><\/p>\n\n\n\n<div data-wp-interactive=\"core\/file\" class=\"wp-block-file\"><object data-wp-bind--hidden=\"!state.hasPdfPreview\" hidden class=\"wp-block-file__embed\" data=\"https:\/\/laicl.web.ua.pt\/wp-content\/uploads\/2025\/11\/Rodrigues-O.-2025_Keynote.pdf\" type=\"application\/pdf\" style=\"width:100%;height:600px\" aria-label=\"Embed of Rodrigues_Rethinking Communication_Keynote.\"><\/object><a id=\"wp-block-file--media-ac1cf379-ba62-4dc3-b39b-74e72f23e6f0\" href=\"https:\/\/laicl.web.ua.pt\/wp-content\/uploads\/2025\/11\/Rodrigues-O.-2025_Keynote.pdf\">Rodrigues_Rethinking Communication_Keynote<\/a><a href=\"https:\/\/laicl.web.ua.pt\/wp-content\/uploads\/2025\/11\/Rodrigues-O.-2025_Keynote.pdf\" class=\"wp-block-file__button wp-element-button\" download aria-describedby=\"wp-block-file--media-ac1cf379-ba62-4dc3-b39b-74e72f23e6f0\">Download<\/a><\/div>\n\n\n\n<div data-wp-interactive=\"core\/file\" class=\"wp-block-file\"><object data-wp-bind--hidden=\"!state.hasPdfPreview\" hidden class=\"wp-block-file__embed\" data=\"https:\/\/laicl.web.ua.pt\/wp-content\/uploads\/2025\/11\/Oleskeviciene-Bernard-Gulbinskiene-.pdf\" type=\"application\/pdf\" style=\"width:100%;height:600px\" aria-label=\"Embed of Ole\u0161kevi\u010dien\u0117, Bernard, Gulbinskien\u0117.\"><\/object><a id=\"wp-block-file--media-39fb0d78-4675-4f28-98f9-9534d498f740\" href=\"https:\/\/laicl.web.ua.pt\/wp-content\/uploads\/2025\/11\/Oleskeviciene-Bernard-Gulbinskiene-.pdf\">Ole\u0161kevi\u010dien\u0117, Bernard, Gulbinskien\u0117<\/a><a href=\"https:\/\/laicl.web.ua.pt\/wp-content\/uploads\/2025\/11\/Oleskeviciene-Bernard-Gulbinskiene-.pdf\" class=\"wp-block-file__button wp-element-button\" download aria-describedby=\"wp-block-file--media-39fb0d78-4675-4f28-98f9-9534d498f740\">Download<\/a><\/div>\n\n\n\n<div data-wp-interactive=\"core\/file\" class=\"wp-block-file\"><object data-wp-bind--hidden=\"!state.hasPdfPreview\" hidden class=\"wp-block-file__embed\" data=\"https:\/\/laicl.web.ua.pt\/wp-content\/uploads\/2025\/11\/Moreira-et-al._Interculturality-in-crisis.pdf\" type=\"application\/pdf\" style=\"width:100%;height:600px\" aria-label=\"Embed of Moreira, Abrantes, &amp; Oliveira_Interculturality in crisis.\"><\/object><a id=\"wp-block-file--media-e484c3e3-c943-41f7-b5e3-ecfa959a3faa\" href=\"https:\/\/laicl.web.ua.pt\/wp-content\/uploads\/2025\/11\/Moreira-et-al._Interculturality-in-crisis.pdf\">Moreira, Abrantes, &amp; Oliveira_Interculturality in crisis<\/a><a href=\"https:\/\/laicl.web.ua.pt\/wp-content\/uploads\/2025\/11\/Moreira-et-al._Interculturality-in-crisis.pdf\" class=\"wp-block-file__button wp-element-button\" download aria-describedby=\"wp-block-file--media-e484c3e3-c943-41f7-b5e3-ecfa959a3faa\">Download<\/a><\/div>\n\n\n\n<div data-wp-interactive=\"core\/file\" class=\"wp-block-file\"><object data-wp-bind--hidden=\"!state.hasPdfPreview\" hidden class=\"wp-block-file__embed\" data=\"https:\/\/laicl.web.ua.pt\/wp-content\/uploads\/2025\/11\/Tavares.pdf\" type=\"application\/pdf\" style=\"width:100%;height:600px\" aria-label=\"Embed of Tavares.\"><\/object><a id=\"wp-block-file--media-640ec899-3d64-4223-8268-8020823b55e8\" href=\"https:\/\/laicl.web.ua.pt\/wp-content\/uploads\/2025\/11\/Tavares.pdf\">Tavares<\/a><a href=\"https:\/\/laicl.web.ua.pt\/wp-content\/uploads\/2025\/11\/Tavares.pdf\" class=\"wp-block-file__button wp-element-button\" download aria-describedby=\"wp-block-file--media-640ec899-3d64-4223-8268-8020823b55e8\">Download<\/a><\/div>\n\n\n\n<p><\/p>\n\n\n\n<div data-wp-interactive=\"core\/file\" class=\"wp-block-file\"><object data-wp-bind--hidden=\"!state.hasPdfPreview\" hidden class=\"wp-block-file__embed\" data=\"https:\/\/laicl.web.ua.pt\/wp-content\/uploads\/2025\/11\/EL-JOUAD.pdf\" type=\"application\/pdf\" style=\"width:100%;height:600px\" aria-label=\"Embed of EL JOUAD.\"><\/object><a id=\"wp-block-file--media-7bc8bdcf-2d0b-4bd0-8323-20ecc2ea8320\" href=\"https:\/\/laicl.web.ua.pt\/wp-content\/uploads\/2025\/11\/EL-JOUAD.pdf\">EL JOUAD<\/a><a href=\"https:\/\/laicl.web.ua.pt\/wp-content\/uploads\/2025\/11\/EL-JOUAD.pdf\" class=\"wp-block-file__button wp-element-button\" download aria-describedby=\"wp-block-file--media-7bc8bdcf-2d0b-4bd0-8323-20ecc2ea8320\">Download<\/a><\/div>\n\n\n\n<div data-wp-interactive=\"core\/file\" class=\"wp-block-file\"><object data-wp-bind--hidden=\"!state.hasPdfPreview\" hidden class=\"wp-block-file__embed\" data=\"https:\/\/laicl.web.ua.pt\/wp-content\/uploads\/2025\/12\/Digital_Humanities_Business_English_Pedagogy_PedroCorgaDEF1.pdf\" type=\"application\/pdf\" style=\"width:100%;height:600px\" aria-label=\"Embed of Digital_Humanities_Business_English_Pedagogy_PedroCorgaDEF(1).\"><\/object><a id=\"wp-block-file--media-81f444fc-ea8d-4705-b887-03cd93b77319\" href=\"https:\/\/laicl.web.ua.pt\/wp-content\/uploads\/2025\/12\/Digital_Humanities_Business_English_Pedagogy_PedroCorgaDEF1.pdf\">Digital_Humanities_Business_English_Pedagogy_PedroCorgaDEF(1)<\/a><a href=\"https:\/\/laicl.web.ua.pt\/wp-content\/uploads\/2025\/12\/Digital_Humanities_Business_English_Pedagogy_PedroCorgaDEF1.pdf\" class=\"wp-block-file__button wp-element-button\" download aria-describedby=\"wp-block-file--media-81f444fc-ea8d-4705-b887-03cd93b77319\">Download<\/a><\/div>\n\n\n\n<div data-wp-interactive=\"core\/file\" class=\"wp-block-file\"><object data-wp-bind--hidden=\"!state.hasPdfPreview\" hidden class=\"wp-block-file__embed\" data=\"https:\/\/laicl.web.ua.pt\/wp-content\/uploads\/2025\/12\/LaiCl25-presentation_Madalena-Tavares.pdf\" type=\"application\/pdf\" style=\"width:100%;height:600px\" aria-label=\"Embed of LaiCl25 presentation_Madalena Tavares.\"><\/object><a id=\"wp-block-file--media-8db3f243-cc2a-455b-9f42-d1b5f322f9bf\" href=\"https:\/\/laicl.web.ua.pt\/wp-content\/uploads\/2025\/12\/LaiCl25-presentation_Madalena-Tavares.pdf\">LaiCl25 presentation_Madalena Tavares<\/a><a href=\"https:\/\/laicl.web.ua.pt\/wp-content\/uploads\/2025\/12\/LaiCl25-presentation_Madalena-Tavares.pdf\" class=\"wp-block-file__button wp-element-button\" download aria-describedby=\"wp-block-file--media-8db3f243-cc2a-455b-9f42-d1b5f322f9bf\">Download<\/a><\/div>\n\n\n\n<div data-wp-interactive=\"core\/file\" class=\"wp-block-file\"><object data-wp-bind--hidden=\"!state.hasPdfPreview\" hidden class=\"wp-block-file__embed\" data=\"https:\/\/laicl.web.ua.pt\/wp-content\/uploads\/2025\/12\/Porto_2025-11-13_14-final-2.pdf\" type=\"application\/pdf\" style=\"width:100%;height:600px\" aria-label=\"Embed of Porto_2025-11-(13_14) final (2).\"><\/object><a id=\"wp-block-file--media-8557f850-cc1d-4c83-bc15-e35df3453164\" href=\"https:\/\/laicl.web.ua.pt\/wp-content\/uploads\/2025\/12\/Porto_2025-11-13_14-final-2.pdf\">Porto_2025-11-(13_14) final (2)<\/a><a href=\"https:\/\/laicl.web.ua.pt\/wp-content\/uploads\/2025\/12\/Porto_2025-11-13_14-final-2.pdf\" class=\"wp-block-file__button wp-element-button\" download aria-describedby=\"wp-block-file--media-8557f850-cc1d-4c83-bc15-e35df3453164\">Download<\/a><\/div>\n\n\n\n<div data-wp-interactive=\"core\/file\" class=\"wp-block-file\"><object data-wp-bind--hidden=\"!state.hasPdfPreview\" hidden class=\"wp-block-file__embed\" data=\"https:\/\/laicl.web.ua.pt\/wp-content\/uploads\/2025\/12\/Presentation-Tsaava-Georgia.pdf\" type=\"application\/pdf\" style=\"width:100%;height:600px\" aria-label=\"Embed of Presentation (Tsaava-Georgia).\"><\/object><a id=\"wp-block-file--media-b56d1bee-6b1b-4329-bcb6-58970ae4cc57\" href=\"https:\/\/laicl.web.ua.pt\/wp-content\/uploads\/2025\/12\/Presentation-Tsaava-Georgia.pdf\">Presentation (Tsaava-Georgia)<\/a><a href=\"https:\/\/laicl.web.ua.pt\/wp-content\/uploads\/2025\/12\/Presentation-Tsaava-Georgia.pdf\" class=\"wp-block-file__button wp-element-button\" download aria-describedby=\"wp-block-file--media-b56d1bee-6b1b-4329-bcb6-58970ae4cc57\">Download<\/a><\/div>\n","protected":false},"excerpt":{"rendered":"<p>Thank you to our keynote speakers and authors for sharing their work.<\/p>\n","protected":false},"author":2,"featured_media":0,"parent":86,"menu_order":0,"comment_status":"closed","ping_status":"closed","template":"","meta":{"footnotes":""},"class_list":["post-2641","page","type-page","status-publish","hentry"],"_links":{"self":[{"href":"https:\/\/laicl.web.ua.pt\/index.php\/wp-json\/wp\/v2\/pages\/2641","targetHints":{"allow":["GET"]}}],"collection":[{"href":"https:\/\/laicl.web.ua.pt\/index.php\/wp-json\/wp\/v2\/pages"}],"about":[{"href":"https:\/\/laicl.web.ua.pt\/index.php\/wp-json\/wp\/v2\/types\/page"}],"author":[{"embeddable":true,"href":"https:\/\/laicl.web.ua.pt\/index.php\/wp-json\/wp\/v2\/users\/2"}],"replies":[{"embeddable":true,"href":"https:\/\/laicl.web.ua.pt\/index.php\/wp-json\/wp\/v2\/comments?post=2641"}],"version-history":[{"count":16,"href":"https:\/\/laicl.web.ua.pt\/index.php\/wp-json\/wp\/v2\/pages\/2641\/revisions"}],"predecessor-version":[{"id":4251,"href":"https:\/\/laicl.web.ua.pt\/index.php\/wp-json\/wp\/v2\/pages\/2641\/revisions\/4251"}],"up":[{"embeddable":true,"href":"https:\/\/laicl.web.ua.pt\/index.php\/wp-json\/wp\/v2\/pages\/86"}],"wp:attachment":[{"href":"https:\/\/laicl.web.ua.pt\/index.php\/wp-json\/wp\/v2\/media?parent=2641"}],"curies":[{"name":"wp","href":"https:\/\/api.w.org\/{rel}","templated":true}]}}