{"id":44,"date":"2023-01-12T19:24:09","date_gmt":"2023-01-12T19:24:09","guid":{"rendered":"https:\/\/laicl.web.ua.pt\/?page_id=44"},"modified":"2025-11-07T08:13:51","modified_gmt":"2025-11-07T08:13:51","slug":"committees","status":"publish","type":"page","link":"https:\/\/laicl.web.ua.pt\/index.php\/committees\/","title":{"rendered":"Committees"},"content":{"rendered":"\n<h1 class=\"wp-block-heading has-text-color has-medium-font-size\" style=\"color:#376092\">Organising Committee<\/h1>\n\n\n\n<p><\/p>\n\n\n\n<p class=\"has-cyan-bluish-gray-color has-text-color has-link-color wp-elements-72e6858ead61326253c784bda3eb464a\" style=\"line-height:0.9\"><em>Steering committee<\/em>:<\/p>\n\n\n\n<p class=\"has-text-align-left has-black-color has-text-color has-link-color wp-elements-9e0bd5b4d998755b03f2644120646541\" style=\"line-height:0.9\">Ana Balula, University of Aveiro <\/p>\n\n\n\n<p class=\"has-text-align-left has-black-color has-text-color has-link-color wp-elements-0e7803dd672e300c13820c02164e6cae\" style=\"line-height:0.9\">Anabela Sim\u00f5es, University of Aveiro<\/p>\n\n\n\n<p class=\"has-text-align-left has-black-color has-text-color has-link-color wp-elements-276a7987bab43ce72535f0ab30df5c8f\" style=\"line-height:0.9\">Sandra Vasconcelos, Polytechnic of Porto<\/p>\n\n\n\n<p class=\"has-text-align-left has-cyan-bluish-gray-color has-text-color has-link-color wp-elements-0251c38b5f846cbcd4bbdc2706c9450c\" style=\"line-height:0.9\"><em>Other members:<\/em><\/p>\n\n\n\n<p class=\"has-text-align-left has-black-color has-text-color has-link-color wp-elements-94b7f54fe2c8d8730a615457822261aa\" style=\"line-height:0.9\">Ana Rita Costa, UA<\/p>\n\n\n\n<p class=\"has-text-align-left has-black-color has-text-color has-link-color wp-elements-0b49cc2ab524a3182f9e2493e7ca77b2\" style=\"line-height:0.9\">Bebiana Monteiro, IPP<\/p>\n\n\n\n<p>Daniela Meneses, IPP<\/p>\n\n\n\n<p class=\"has-text-align-left has-black-color has-text-color has-link-color wp-elements-d4d91a5c125a7b57c2b117d3a0a66120\" style=\"line-height:0.9\">Jos\u00e9 Ant\u00f3nio Silva, IPP<\/p>\n\n\n\n<p class=\"has-text-align-left has-black-color has-text-color has-link-color wp-elements-2afaeb73c66c8ed89e81fc1ba76f2044\" style=\"line-height:0.9\">Teresa Pataco, IPP<\/p>\n\n\n\n<p class=\"has-cyan-bluish-gray-color has-text-color has-link-color wp-elements-4443bd44d92d303eb924e53a2c832db7\" style=\"line-height:0.9\"><em>Secretariat and technical support:<\/em><\/p>\n\n\n\n<p class=\"has-link-color wp-elements-509593ff3c922cf7e01ee4f6407bd72e\" style=\"line-height:0.9\">Cec\u00edlia Reis, UA<\/p>\n\n\n\n<p class=\"has-white-color has-text-color has-link-color wp-elements-7e4ac651328708ea719ac0894fa30934\">.<\/p>\n\n\n\n<div class=\"wp-block-group is-vertical is-layout-flex wp-container-core-group-is-layout-1 wp-block-group-is-layout-flex\">\n<h1 class=\"wp-block-heading has-text-align-left has-text-color has-medium-font-size\" style=\"color:#376092\">Scientific Committee<\/h1>\n\n\n\n<p style=\"line-height:1.5\"><\/p>\n\n\n\n<figure class=\"wp-block-table is-style-stripes\"><table class=\"has-fixed-layout\"><tbody><tr><td>Abdelilah Suisse, University of Aveiro, Portugal<\/td><\/tr><tr><td>Ana Balula, University of Aveiro, Portugal<\/td><\/tr><tr><td>Ana Pires, Polytechnic Institute of Leiria, Portugal<\/td><\/tr><tr><td>Ana Raquel Sim\u00f5es, University of Aveiro, Portugal<\/td><\/tr><tr><td>Anabela Fernandes, University of Coimbra, Portugal<\/td><\/tr><tr><td>Alexandra das Neves, University of Aveiro, Portugal<\/td><\/tr><tr><td>Anabela Sim\u00f5es, University of Aveiro, Portugal<\/td><\/tr><tr><td>Andrius Utka, Vytautas Magnus University, Lithuania<\/td><\/tr><tr><td>Ant\u00f3nio Moreira, University of Aveiro, Portugal<\/td><\/tr><tr><td>Carla Conti de Freitas, State University of Goi\u00e1s, Brazil<\/td><\/tr><tr><td>Cristina Guardado, University of Aveiro, Portugal<\/td><\/tr><tr><td>Dina Baptista, University of Aveiro, Portugal<\/td><\/tr><tr><td>Eliane Pawlowski de Oliveira Ara\u00fajo, Federal University of Minas Gerais, Brazil<\/td><\/tr><tr><td>Giedre Valunaite Oleskevicien\u0117, Mykolas Romeris University, Lithuania<\/td><\/tr><tr><td>Gillian Moreira, University of Aveiro, Portugal<\/td><\/tr><tr><td>Isabel Cristina Alfonzo De Tovar, University of Las Palmas de Gran Canaria, Spain<\/td><\/tr><tr><td>Lurdes Martins, Polytechnic Institute of Viseu, Portugal<\/td><\/tr><tr><td>Mabel Victoria, Edinburgh Napier University, United Kingdom<\/td><\/tr><tr><td>M\u00e1rcia Neves, University of Aveiro &amp; NOVA University Lisbon, Portugal<\/td><\/tr><tr><td>Margaret Gomes, University of Aveiro, Portugal<\/td><\/tr><tr><td>Maria de Lurdes Gon\u00e7alves, Cam\u00f5es Institute, Portugal<\/td><\/tr><tr><td>Norbella Miranda, Universidad del Valle, Colombia&nbsp;<\/td><\/tr><tr><td>Paula Cardoso, Polytechnic Institute of Leiria, Portugal<\/td><\/tr><tr><td>Rita Costa, University of Aveiro, Portugal<\/td><\/tr><tr><td>Sandra Vasconcelos, Polytechnic Institute&nbsp;of&nbsp;Porto, Portugal<\/td><\/tr><tr><td>S\u00f3nia Estrela, University of Aveiro, Portugal<\/td><\/tr><tr><td>S\u00edlvia Ribeiro, University of Aveiro, Portugal<\/td><\/tr><tr><td>Susana Pinto, University of Aveiro, Portugal<\/td><\/tr><\/tbody><\/table><\/figure>\n\n\n\n<p><\/p>\n\n\n\n<p style=\"line-height:1.5\"><\/p>\n\n\n\n<p><\/p>\n\n\n\n<p class=\"has-white-color has-text-color has-link-color wp-elements-7e4ac651328708ea719ac0894fa30934\">.<\/p>\n\n\n\n<figure class=\"wp-block-image size-large\"><img loading=\"lazy\" decoding=\"async\" width=\"1024\" height=\"307\" src=\"https:\/\/laicl.web.ua.pt\/wp-content\/uploads\/2025\/04\/Laicl_logos-1024x307.png\" alt=\"\" class=\"wp-image-2921\" srcset=\"https:\/\/laicl.web.ua.pt\/wp-content\/uploads\/2025\/04\/Laicl_logos-1024x307.png 1024w, https:\/\/laicl.web.ua.pt\/wp-content\/uploads\/2025\/04\/Laicl_logos-300x90.png 300w, https:\/\/laicl.web.ua.pt\/wp-content\/uploads\/2025\/04\/Laicl_logos-768x230.png 768w, https:\/\/laicl.web.ua.pt\/wp-content\/uploads\/2025\/04\/Laicl_logos-1536x460.png 1536w, https:\/\/laicl.web.ua.pt\/wp-content\/uploads\/2025\/04\/Laicl_logos.png 1920w\" sizes=\"auto, (max-width: 767px) 89vw, (max-width: 1000px) 54vw, (max-width: 1071px) 543px, 580px\" \/><\/figure>\n\n\n\n<p><\/p>\n<\/div>\n","protected":false},"excerpt":{"rendered":"<p>Organising Committee Steering committee: Ana Balula, University of Aveiro Anabela Sim\u00f5es, University of Aveiro Sandra Vasconcelos, Polytechnic of Porto Other members: Ana Rita Costa, UA Bebiana Monteiro, IPP Daniela Meneses, IPP Jos\u00e9 Ant\u00f3nio Silva, IPP Teresa Pataco, IPP Secretariat and technical support: Cec\u00edlia Reis, UA . Scientific Committee Abdelilah Suisse, University of Aveiro, Portugal Ana &hellip; <\/p>\n<p class=\"link-more\"><a href=\"https:\/\/laicl.web.ua.pt\/index.php\/committees\/\" class=\"more-link\">Continue reading<span class=\"screen-reader-text\"> &#8220;Committees&#8221;<\/span><\/a><\/p>\n","protected":false},"author":2,"featured_media":0,"parent":0,"menu_order":0,"comment_status":"closed","ping_status":"closed","template":"","meta":{"footnotes":""},"class_list":["post-44","page","type-page","status-publish","hentry"],"_links":{"self":[{"href":"https:\/\/laicl.web.ua.pt\/index.php\/wp-json\/wp\/v2\/pages\/44","targetHints":{"allow":["GET"]}}],"collection":[{"href":"https:\/\/laicl.web.ua.pt\/index.php\/wp-json\/wp\/v2\/pages"}],"about":[{"href":"https:\/\/laicl.web.ua.pt\/index.php\/wp-json\/wp\/v2\/types\/page"}],"author":[{"embeddable":true,"href":"https:\/\/laicl.web.ua.pt\/index.php\/wp-json\/wp\/v2\/users\/2"}],"replies":[{"embeddable":true,"href":"https:\/\/laicl.web.ua.pt\/index.php\/wp-json\/wp\/v2\/comments?post=44"}],"version-history":[{"count":107,"href":"https:\/\/laicl.web.ua.pt\/index.php\/wp-json\/wp\/v2\/pages\/44\/revisions"}],"predecessor-version":[{"id":3973,"href":"https:\/\/laicl.web.ua.pt\/index.php\/wp-json\/wp\/v2\/pages\/44\/revisions\/3973"}],"wp:attachment":[{"href":"https:\/\/laicl.web.ua.pt\/index.php\/wp-json\/wp\/v2\/media?parent=44"}],"curies":[{"name":"wp","href":"https:\/\/api.w.org\/{rel}","templated":true}]}}